{"id":16,"date":"2024-09-15T02:05:47","date_gmt":"2024-09-15T00:05:47","guid":{"rendered":"https:\/\/digiimpactx.com\/?page_id=16"},"modified":"2024-09-16T22:43:22","modified_gmt":"2024-09-16T20:43:22","slug":"mentions-legales","status":"publish","type":"page","link":"https:\/\/digiimpactx.com\/en\/mentions-legales\/","title":{"rendered":"Legal notices"},"content":{"rendered":"<p><\/p>\n\n\n\n<p class=\"has-black-color has-text-color has-link-color has-medium-font-size wp-elements-6febb22b40a4aedd1cc12ce79171d58b\"><strong>Legal Notices <\/strong><\/p>\n\n\n\n<p class=\"has-black-color has-text-color has-link-color has-medium-font-size wp-elements-db2c1eb66fe298a6c03fa435b9a90176\"><strong>ARTICLE 1. Site<\/strong><\/p>\n\n\n\n<p class=\"has-black-color has-text-color has-link-color wp-elements-5529c0cc2d55b447abf4b7e4beb2abca\">This site is published by DigiImpactX,<\/p>\n\n\n\n<p class=\"has-black-color has-text-color has-link-color wp-elements-9ac00cf961d1ea846fe5a532228b76c6\"><\/p>\n\n\n\n<p class=\"has-black-color has-text-color has-link-color has-medium-font-size wp-elements-91f9adf614646a76def26c17b87f92f8\"><strong>ARTICLE 2. Publisher <\/strong><\/p>\n\n\n\n<p class=\"has-black-color has-text-color has-link-color wp-elements-d54b454c8bdcb492b5e18f69122f9721\">DigiImpactX Company<br>Whose head office is located at: 39 Rue Amp\u00e8re, 94200 Ivry-Sur-Seine<br>Represented by Wiass Ghulam<br>Registered with the Paris Trade and Companies Register under number 893 489 336<br>Phone number: 07 67 02 94 43<br>Email address: contact@digiimpactx-com<\/p>\n\n\n\n<p class=\"has-black-color has-text-color has-link-color wp-elements-9ac00cf961d1ea846fe5a532228b76c6\"><\/p>\n\n\n\n<p class=\"has-black-color has-text-color has-link-color has-medium-font-size wp-elements-223c9b74fb6bd5e4c88df33cfb7e2383\"><strong>ARTICLE 3. Publication Director<\/strong><\/p>\n\n\n\n<p class=\"has-black-color has-text-color has-link-color wp-elements-a00ec7d701c20f636d8149621514bc6d\">Publication Director: Wiass Ghulam, reachable at 07 67 02 94 43<\/p>\n\n\n\n<p class=\"has-black-color has-text-color has-link-color wp-elements-9ac00cf961d1ea846fe5a532228b76c6\"><\/p>\n\n\n\n<p class=\"has-black-color has-text-color has-link-color has-medium-font-size wp-elements-52ea27b2671f0174776457e9b64ec1a2\"><strong>ARTICLE 4. Hosts<\/strong><\/p>\n\n\n\n<p class=\"has-black-color has-text-color has-link-color wp-elements-29e8adf2ebd66e6ae9350e51c1f9d356\">This site is hosted by HOSTINGER operations UAB, whose registered office is located at 61 Lordou Vironos Street, 6023 Larnaca.<\/p>\n\n\n\n<p class=\"has-black-color has-text-color has-link-color wp-elements-9ac00cf961d1ea846fe5a532228b76c6\"><\/p>\n\n\n\n<p class=\"has-black-color has-text-color has-link-color has-medium-font-size wp-elements-aeeb6d60769d563a6106cebb9aa8a3f5\"><strong>ARTICLE 5 \u2013 Content of the site<\/strong><\/p>\n\n\n\n<p class=\"has-black-color has-text-color has-link-color wp-elements-82249b582eebae7d2a00c84201d9be31\">All content on this site, including, without limitation, graphics, images, texts, videos, animations, sounds, logos, gifs and icons as well as their formatting are the exclusive property of the company with the exception of brands, logos or content belonging to other partner companies or authors. Any reproduction, distribution, modification, adaptation, retransmission or publication, even partial, of these different elements is strictly prohibited without express written consent. This representation or reproduction, by any process whatsoever, constitutes an infringement punishable by articles L.3335-2 and following of the Intellectual Property Code. Failure to comply with this prohibition constitutes an infringement that may incur the civil and criminal liability of the infringer.<\/p>\n\n\n\n<p class=\"has-black-color has-text-color has-link-color wp-elements-9ac00cf961d1ea846fe5a532228b76c6\"><\/p>\n\n\n\n<p class=\"has-black-color has-text-color has-link-color has-medium-font-size wp-elements-971f852e18b569b79b22ff59d4539165\"><strong>ARTICLE 6 \u2013 Contact us<\/strong><\/p>\n\n\n\n<p class=\"has-black-color has-text-color has-link-color wp-elements-5b9fef7a22ea60853b0d0bceb9ed722c\">For any questions regarding the use of the site, you can contact us at digiimpactx.com.<\/p>\n\n\n\n<p><\/p>","protected":false},"excerpt":{"rendered":"<p>Legal Notices ARTICLE 1. Site This site is published by DigiImpactX, ARTICLE 2. Publisher DigiImpactX Company Whose head office is located at: 39 Rue Amp\u00e8re, 94200 Ivry-Sur-Seine Represented by Wiass Ghulam Registered with the Paris Trade and Companies Register under number 893 489 336 Telephone number: 07 67 02 94 43 Email address: contact@digiimpactx-com ARTICLE 3. Director of [\u2026]<\/p>","protected":false},"author":1,"featured_media":0,"parent":0,"menu_order":0,"comment_status":"closed","ping_status":"closed","template":"","meta":{"_acf_changed":false,"footnotes":""},"acf":[],"yoast_head":"<!-- This site is optimized with the Yoast SEO plugin v23.2 - https:\/\/yoast.com\/wordpress\/plugins\/seo\/ -->\n<title>mentions legales - digiimpactx.com<\/title>\n<meta name=\"robots\" content=\"index, follow, max-snippet:-1, max-image-preview:large, max-video-preview:-1\" \/>\n<link rel=\"canonical\" href=\"https:\/\/digiimpactx.com\/en\/mentions-legales\/\" \/>\n<meta property=\"og:locale\" content=\"en_GB\" \/>\n<meta property=\"og:type\" content=\"article\" \/>\n<meta property=\"og:title\" content=\"mentions legales - digiimpactx.com\" \/>\n<meta property=\"og:description\" content=\"Mentions L\u00e9gales ARTICLE 1. Site Ce site est \u00e9dit\u00e9 par DigiImpactX, ARTICLE 2. \u00c9diteur Soci\u00e9t\u00e9 DigiImpactXDont le si\u00e8ge social est situ\u00e9 : 39 Rue Amp\u00e8re, 94200 Ivry-Sur-SeineRepr\u00e9sent\u00e9e par Wiass GhulamImmatricul\u00e9e au RCS de Paris sous le num\u00e9ro 893 489 336N\u00b0 de t\u00e9l\u00e9phone : 07 67 02 94 43Adresse mail : contact@digiimpactx-com ARTICLE 3. Directeur de [&hellip;]\" \/>\n<meta property=\"og:url\" content=\"https:\/\/digiimpactx.com\/en\/mentions-legales\/\" \/>\n<meta property=\"og:site_name\" content=\"digiimpactx.com\" \/>\n<meta property=\"article:modified_time\" content=\"2024-09-16T20:43:22+00:00\" \/>\n<meta name=\"twitter:card\" content=\"summary_large_image\" \/>\n<meta name=\"twitter:label1\" content=\"Estimated reading time\" \/>\n\t<meta name=\"twitter:data1\" content=\"2 minutes\" \/>\n<script type=\"application\/ld+json\" class=\"yoast-schema-graph\">{\"@context\":\"https:\/\/schema.org\",\"@graph\":[{\"@type\":\"WebPage\",\"@id\":\"https:\/\/digiimpactx.com\/mentions-legales\/\",\"url\":\"https:\/\/digiimpactx.com\/mentions-legales\/\",\"name\":\"mentions legales - digiimpactx.com\",\"isPartOf\":{\"@id\":\"https:\/\/digiimpactx.com\/#website\"},\"datePublished\":\"2024-09-15T00:05:47+00:00\",\"dateModified\":\"2024-09-16T20:43:22+00:00\",\"breadcrumb\":{\"@id\":\"https:\/\/digiimpactx.com\/mentions-legales\/#breadcrumb\"},\"inLanguage\":\"en-GB\",\"potentialAction\":[{\"@type\":\"ReadAction\",\"target\":[\"https:\/\/digiimpactx.com\/mentions-legales\/\"]}]},{\"@type\":\"BreadcrumbList\",\"@id\":\"https:\/\/digiimpactx.com\/mentions-legales\/#breadcrumb\",\"itemListElement\":[{\"@type\":\"ListItem\",\"position\":1,\"name\":\"Home\",\"item\":\"https:\/\/digiimpactx.com\/\"},{\"@type\":\"ListItem\",\"position\":2,\"name\":\"mentions legales\"}]},{\"@type\":\"WebSite\",\"@id\":\"https:\/\/digiimpactx.com\/#website\",\"url\":\"https:\/\/digiimpactx.com\/\",\"name\":\"digiimpactx.com\",\"description\":\"\",\"publisher\":{\"@id\":\"https:\/\/digiimpactx.com\/#organization\"},\"potentialAction\":[{\"@type\":\"SearchAction\",\"target\":{\"@type\":\"EntryPoint\",\"urlTemplate\":\"https:\/\/digiimpactx.com\/?s={search_term_string}\"},\"query-input\":\"required name=search_term_string\"}],\"inLanguage\":\"en-GB\"},{\"@type\":\"Organization\",\"@id\":\"https:\/\/digiimpactx.com\/#organization\",\"name\":\"digiimpactx.com\",\"url\":\"https:\/\/digiimpactx.com\/\",\"logo\":{\"@type\":\"ImageObject\",\"inLanguage\":\"en-GB\",\"@id\":\"https:\/\/digiimpactx.com\/#\/schema\/logo\/image\/\",\"url\":\"https:\/\/digiimpactx.com\/wp-content\/uploads\/2023\/11\/DigiBoostX-1.png\",\"contentUrl\":\"https:\/\/digiimpactx.com\/wp-content\/uploads\/2023\/11\/DigiBoostX-1.png\",\"width\":1500,\"height\":1500,\"caption\":\"digiimpactx.com\"},\"image\":{\"@id\":\"https:\/\/digiimpactx.com\/#\/schema\/logo\/image\/\"}}]}<\/script>\n<!-- \/ Yoast SEO plugin. -->","yoast_head_json":{"title":"mentions legales - digiimpactx.com","robots":{"index":"index","follow":"follow","max-snippet":"max-snippet:-1","max-image-preview":"max-image-preview:large","max-video-preview":"max-video-preview:-1"},"canonical":"https:\/\/digiimpactx.com\/en\/mentions-legales\/","og_locale":"en_GB","og_type":"article","og_title":"mentions legales - digiimpactx.com","og_description":"Mentions L\u00e9gales ARTICLE 1. Site Ce site est \u00e9dit\u00e9 par DigiImpactX, ARTICLE 2. \u00c9diteur Soci\u00e9t\u00e9 DigiImpactXDont le si\u00e8ge social est situ\u00e9 : 39 Rue Amp\u00e8re, 94200 Ivry-Sur-SeineRepr\u00e9sent\u00e9e par Wiass GhulamImmatricul\u00e9e au RCS de Paris sous le num\u00e9ro 893 489 336N\u00b0 de t\u00e9l\u00e9phone : 07 67 02 94 43Adresse mail : contact@digiimpactx-com ARTICLE 3. Directeur de [&hellip;]","og_url":"https:\/\/digiimpactx.com\/en\/mentions-legales\/","og_site_name":"digiimpactx.com","article_modified_time":"2024-09-16T20:43:22+00:00","twitter_card":"summary_large_image","twitter_misc":{"Estimated reading time":"2 minutes"},"schema":{"@context":"https:\/\/schema.org","@graph":[{"@type":"WebPage","@id":"https:\/\/digiimpactx.com\/mentions-legales\/","url":"https:\/\/digiimpactx.com\/mentions-legales\/","name":"mentions legales - digiimpactx.com","isPartOf":{"@id":"https:\/\/digiimpactx.com\/#website"},"datePublished":"2024-09-15T00:05:47+00:00","dateModified":"2024-09-16T20:43:22+00:00","breadcrumb":{"@id":"https:\/\/digiimpactx.com\/mentions-legales\/#breadcrumb"},"inLanguage":"en-GB","potentialAction":[{"@type":"ReadAction","target":["https:\/\/digiimpactx.com\/mentions-legales\/"]}]},{"@type":"BreadcrumbList","@id":"https:\/\/digiimpactx.com\/mentions-legales\/#breadcrumb","itemListElement":[{"@type":"ListItem","position":1,"name":"Home","item":"https:\/\/digiimpactx.com\/"},{"@type":"ListItem","position":2,"name":"mentions legales"}]},{"@type":"WebSite","@id":"https:\/\/digiimpactx.com\/#website","url":"https:\/\/digiimpactx.com\/","name":"digiimpactx.com","description":"","publisher":{"@id":"https:\/\/digiimpactx.com\/#organization"},"potentialAction":[{"@type":"SearchAction","target":{"@type":"EntryPoint","urlTemplate":"https:\/\/digiimpactx.com\/?s={search_term_string}"},"query-input":"required name=search_term_string"}],"inLanguage":"en-GB"},{"@type":"Organization","@id":"https:\/\/digiimpactx.com\/#organization","name":"digiimpactx.com","url":"https:\/\/digiimpactx.com\/","logo":{"@type":"ImageObject","inLanguage":"en-GB","@id":"https:\/\/digiimpactx.com\/#\/schema\/logo\/image\/","url":"https:\/\/digiimpactx.com\/wp-content\/uploads\/2023\/11\/DigiBoostX-1.png","contentUrl":"https:\/\/digiimpactx.com\/wp-content\/uploads\/2023\/11\/DigiBoostX-1.png","width":1500,"height":1500,"caption":"digiimpactx.com"},"image":{"@id":"https:\/\/digiimpactx.com\/#\/schema\/logo\/image\/"}}]}},"_links":{"self":[{"href":"https:\/\/digiimpactx.com\/en\/wp-json\/wp\/v2\/pages\/16"}],"collection":[{"href":"https:\/\/digiimpactx.com\/en\/wp-json\/wp\/v2\/pages"}],"about":[{"href":"https:\/\/digiimpactx.com\/en\/wp-json\/wp\/v2\/types\/page"}],"author":[{"embeddable":true,"href":"https:\/\/digiimpactx.com\/en\/wp-json\/wp\/v2\/users\/1"}],"replies":[{"embeddable":true,"href":"https:\/\/digiimpactx.com\/en\/wp-json\/wp\/v2\/comments?post=16"}],"version-history":[{"count":5,"href":"https:\/\/digiimpactx.com\/en\/wp-json\/wp\/v2\/pages\/16\/revisions"}],"predecessor-version":[{"id":1683,"href":"https:\/\/digiimpactx.com\/en\/wp-json\/wp\/v2\/pages\/16\/revisions\/1683"}],"wp:attachment":[{"href":"https:\/\/digiimpactx.com\/en\/wp-json\/wp\/v2\/media?parent=16"}],"curies":[{"name":"wp","href":"https:\/\/api.w.org\/{rel}","templated":true}]}}