{"id":3,"date":"2023-11-19T22:44:00","date_gmt":"2023-11-19T21:44:00","guid":{"rendered":"http:\/\/digiimpactx.com\/?page_id=3"},"modified":"2024-09-16T22:29:56","modified_gmt":"2024-09-16T20:29:56","slug":"politique-de-confidentialite","status":"publish","type":"page","link":"https:\/\/digiimpactx.com\/en\/politique-de-confidentialite\/","title":{"rendered":"Privacy Policy"},"content":{"rendered":"<div data-elementor-type=\"wp-page\" data-elementor-id=\"3\" class=\"elementor elementor-3\" data-elementor-post-type=\"page\">\n\t\t\t\t\t\t\t\t\t<section class=\"elementor-section elementor-top-section elementor-element elementor-element-5c5cfb2b pbmit-col-stretched-none pbmit-bg-color-over-image elementor-section-boxed elementor-section-height-default elementor-section-height-default\" data-id=\"5c5cfb2b\" data-element_type=\"section\">\n\t\t\t\t\t\t<div class=\"elementor-container elementor-column-gap-default\">\n\t\t\t\t\t<div class=\"elementor-column elementor-col-100 elementor-top-column elementor-element elementor-element-6d6904e0 pbmit-bg-color-over-image\" data-id=\"6d6904e0\" data-element_type=\"column\">\n\t\t\t<div class=\"elementor-widget-wrap elementor-element-populated\">\n\t\t\t\t\t\t\t\t<div class=\"elementor-element elementor-element-8bdeca8 elementor-widget elementor-widget-text-editor\" data-id=\"8bdeca8\" data-element_type=\"widget\" data-widget_type=\"text-editor.default\">\n\t\t\t\t<div class=\"elementor-widget-container\">\n\t\t\t<style>\/*! elementor - v3.17.0 - 08-11-2023 *\/\n.elementor-widget-text-editor.elementor-drop-cap-view-stacked .elementor-drop-cap{background-color:#69727d;color:#fff}.elementor-widget-text-editor.elementor-drop-cap-view-framed .elementor-drop-cap{color:#69727d;border:3px solid;background-color:transparent}.elementor-widget-text-editor:not(.elementor-drop-cap-view-default) .elementor-drop-cap{margin-top:8px}.elementor-widget-text-editor:not(.elementor-drop-cap-view-default) .elementor-drop-cap-letter{width:1em;height:1em}.elementor-widget-text-editor .elementor-drop-cap{float:left;text-align:center;line-height:1;font-size:50px}.elementor-widget-text-editor .elementor-drop-cap-letter{display:inline-block}<\/style>\t\t\t\t<!-- wp:paragraph -->\n<h4><strong>Privacy Policy<\/strong><\/h4>\n<!-- \/wp:paragraph --><!-- wp:paragraph -->\n<p>Welcome to DigiImpactX! Your privacy is important to us. This Privacy Policy explains how we collect, use, share, and protect information about our users. We encourage you to read this policy carefully and contact us if you have any questions or concerns about your personal data.<\/p>\n<!-- \/wp:paragraph --><!-- wp:paragraph -->\n<p>\u00a0<\/p>\n<!-- \/wp:paragraph --><!-- wp:heading {\"level\":3,\"style\":{\"elements\":{\"link\":{\"color\":{\"text\":\"var:preset|color|black\"}}}},\"textColor\":\"black\",\"fontSize\":\"medium\"} -->\n<h3 class=\"wp-block-heading has-black-color has-text-color has-link-color has-medium-font-size\">1. Information we collect<\/h3>\n<!-- \/wp:heading --><!-- wp:paragraph -->\n<p>We may collect different types of personal data about you, including:<\/p>\n<!-- \/wp:paragraph --><!-- wp:list -->\n<ul><!-- wp:list-item -->\n<li><strong>Identification data<\/strong> : your name, email address, postal address, telephone number.<\/li>\n<!-- \/wp:list-item --><!-- wp:list-item -->\n<li><strong>Usage Data<\/strong> : information about how you use our site, products and services.<\/li>\n<!-- \/wp:list-item --><!-- wp:list-item -->\n<li><strong>Communication data<\/strong> : your preferences regarding receiving marketing from us.<\/li>\n<!-- \/wp:list-item --><\/ul>\n<!-- \/wp:list --><!-- wp:paragraph -->\n<p>This information may be collected through registration forms, cookies, and during your interactions with our site.<\/p>\n<!-- \/wp:paragraph --><!-- wp:paragraph -->\n<p>\u00a0<\/p>\n<!-- \/wp:paragraph --><!-- wp:heading {\"level\":3,\"style\":{\"elements\":{\"link\":{\"color\":{\"text\":\"var:preset|color|black\"}}}},\"textColor\":\"black\",\"fontSize\":\"medium\"} -->\n<h3 class=\"wp-block-heading has-black-color has-text-color has-link-color has-medium-font-size\">2. Use of information<\/h3>\n<!-- \/wp:heading --><!-- wp:paragraph -->\n<p>Your personal data may be used for:<\/p>\n<!-- \/wp:paragraph --><!-- wp:list -->\n<ul><!-- wp:list-item -->\n<li>To provide and maintain our Service.<\/li>\n<!-- \/wp:list-item --><!-- wp:list-item -->\n<li>To inform you about changes to our service.<\/li>\n<!-- \/wp:list-item --><!-- wp:list-item -->\n<li>Allow you to participate in interactive features when you choose to do so.<\/li>\n<!-- \/wp:list-item --><!-- wp:list-item -->\n<li>Provide customer support.<\/li>\n<!-- \/wp:list-item --><!-- wp:list-item -->\n<li>Collect analytics or valuable information to improve our site.<\/li>\n<!-- \/wp:list-item --><!-- wp:list-item -->\n<li>Monitor the use of our site.<\/li>\n<!-- \/wp:list-item --><!-- wp:list-item -->\n<li>Detect, prevent and treat technical problems.<\/li>\n<!-- \/wp:list-item --><!-- wp:list-item -->\n<li>To provide you with news, special offers and general information about other goods, services and events which we offer.<\/li>\n<!-- \/wp:list-item --><\/ul>\n<!-- \/wp:list --><!-- wp:heading {\"level\":3,\"style\":{\"elements\":{\"link\":{\"color\":{\"text\":\"var:preset|color|black\"}}}},\"textColor\":\"black\",\"fontSize\":\"medium\"} -->\n<h3 class=\"wp-block-heading has-black-color has-text-color has-link-color has-medium-font-size\">3. Sharing your information<\/h3>\n<!-- \/wp:heading --><!-- wp:paragraph -->\n<p>We do not share your personal data with third parties.<\/p>\n<!-- \/wp:paragraph --><!-- wp:paragraph -->\n<p>\u00a0<\/p>\n<!-- \/wp:paragraph --><!-- wp:heading {\"level\":3,\"style\":{\"elements\":{\"link\":{\"color\":{\"text\":\"var:preset|color|black\"}}}},\"textColor\":\"black\",\"fontSize\":\"medium\"} -->\n<h3 class=\"wp-block-heading has-black-color has-text-color has-link-color has-medium-font-size\">4. Security of your data<\/h3>\n<!-- \/wp:heading --><!-- wp:paragraph -->\n<p>The security of your data is important to us, but remember that no method of transmission over the Internet, or method of electronic storage is 100% secure. While we strive to use commercially acceptable means to protect your Personal Data, we cannot guarantee its absolute security.<\/p>\n<!-- \/wp:paragraph --><!-- wp:paragraph -->\n<p>\u00a0<\/p>\n<!-- \/wp:paragraph --><!-- wp:heading {\"level\":3,\"style\":{\"elements\":{\"link\":{\"color\":{\"text\":\"var:preset|color|black\"}}}},\"textColor\":\"black\",\"fontSize\":\"medium\"} -->\n<h3 class=\"wp-block-heading has-black-color has-text-color has-link-color has-medium-font-size\">5. Your rights<\/h3>\n<!-- \/wp:heading --><!-- wp:paragraph -->\n<p>You have the right to:<\/p>\n<!-- \/wp:paragraph --><!-- wp:list -->\n<ul><!-- wp:list-item -->\n<li>Access, update or delete information we have about you.<\/li>\n<!-- \/wp:list-item --><!-- wp:list-item -->\n<li>Rectification if this information is inaccurate or incomplete.<\/li>\n<!-- \/wp:list-item --><!-- wp:list-item -->\n<li>Objection to the processing of your personal data.<\/li>\n<!-- \/wp:list-item --><!-- wp:list-item -->\n<li>Data portability.<\/li>\n<!-- \/wp:list-item --><!-- wp:list-item -->\n<li>Withdraw your consent at any time where we are relying on your consent to process your personal data.<\/li>\n<!-- \/wp:list-item --><!-- wp:list-item -->\n<li>\u00a0<\/li>\n<!-- \/wp:list-item --><\/ul>\n<!-- \/wp:list --><!-- wp:heading {\"level\":3,\"style\":{\"elements\":{\"link\":{\"color\":{\"text\":\"var:preset|color|black\"}}}},\"textColor\":\"black\",\"fontSize\":\"medium\"} -->\n<h3 class=\"wp-block-heading has-black-color has-text-color has-link-color has-medium-font-size\">6. Cookies Policy<\/h3>\n<!-- \/wp:heading --><!-- wp:paragraph -->\n<p>Our site uses cookies and similar technologies to track activity on our site and store certain information. Cookies are files with small amount of data which may include an anonymous unique identifier.<\/p>\n<!-- \/wp:paragraph --><!-- wp:paragraph -->\n<p>\u00a0<\/p>\n<!-- \/wp:paragraph --><!-- wp:heading {\"level\":3,\"style\":{\"elements\":{\"link\":{\"color\":{\"text\":\"var:preset|color|black\"}}}},\"textColor\":\"black\",\"fontSize\":\"medium\"} -->\n<h3 class=\"wp-block-heading has-black-color has-text-color has-link-color has-medium-font-size\">7. Changes to this Privacy Policy<\/h3>\n<!-- \/wp:heading --><!-- wp:paragraph -->\n<p>We may update our Privacy Policy from time to time. We will notify you of any changes by posting the new Privacy Policy on this page.<\/p>\n<!-- \/wp:paragraph --><!-- wp:paragraph -->\n<p>\u00a0<\/p>\n<!-- \/wp:paragraph --><!-- wp:heading {\"level\":3,\"style\":{\"elements\":{\"link\":{\"color\":{\"text\":\"var:preset|color|black\"}}}},\"textColor\":\"black\",\"fontSize\":\"medium\"} -->\n<h3 class=\"wp-block-heading has-black-color has-text-color has-link-color has-medium-font-size\">8. Contact us<\/h3>\n<!-- \/wp:heading --><!-- wp:paragraph -->\n<p>If you have any questions about this privacy policy, please contact us:<\/p>\n<!-- \/wp:paragraph --><!-- wp:list -->\n<ul><!-- wp:list-item -->\n<li><strong>By email<\/strong> : contact@digiimpactx.com<\/li>\n<!-- \/wp:list-item --><!-- wp:list-item -->\n<li><strong>By phone<\/strong> : 07 67 02 94 43<\/li>\n<!-- \/wp:list-item --><\/ul>\n<!-- \/wp:list -->\t\t\t\t\t\t<\/div>\n\t\t\t\t<\/div>\n\t\t\t\t\t<\/div>\n\t\t<\/div>\n\t\t\t\t\t\t\t<\/div>\n\t\t<\/section>\n\t\t\t\t\t\t\t<\/div>","protected":false},"excerpt":{"rendered":"<p>Privacy Policy Welcome to DigiImpactX! Your privacy is important to us. This Privacy Policy explains how we collect, use, share, and protect information about our users. We encourage you to read this policy carefully and contact us if you have any questions or concerns about your personal data. [\u2026]<\/p>","protected":false},"author":1,"featured_media":0,"parent":0,"menu_order":0,"comment_status":"closed","ping_status":"closed","template":"","meta":{"_acf_changed":false,"footnotes":""},"acf":[],"yoast_head":"<!-- This site is optimized with the Yoast SEO plugin v23.2 - https:\/\/yoast.com\/wordpress\/plugins\/seo\/ -->\n<title>Politique de Confidentialit\u00e9 - digiimpactx.com<\/title>\n<meta name=\"description\" content=\"D\u00e9couvrez comment DigiImpact collecte, utilise, et prot\u00e8ge vos donn\u00e9es personnelles. La s\u00e9curit\u00e9 de vos informations est notre priorit\u00e9.\" \/>\n<meta name=\"robots\" content=\"index, follow, max-snippet:-1, max-image-preview:large, max-video-preview:-1\" \/>\n<link rel=\"canonical\" href=\"https:\/\/digiimpactx.com\/en\/politique-de-confidentialite\/\" \/>\n<meta property=\"og:locale\" content=\"en_GB\" \/>\n<meta property=\"og:type\" content=\"article\" \/>\n<meta property=\"og:title\" content=\"Politique de Confidentialit\u00e9 - digiimpactx.com\" \/>\n<meta property=\"og:description\" content=\"D\u00e9couvrez comment DigiImpact collecte, utilise, et prot\u00e8ge vos donn\u00e9es personnelles. La s\u00e9curit\u00e9 de vos informations est notre priorit\u00e9.\" \/>\n<meta property=\"og:url\" content=\"https:\/\/digiimpactx.com\/en\/politique-de-confidentialite\/\" \/>\n<meta property=\"og:site_name\" content=\"digiimpactx.com\" \/>\n<meta property=\"article:modified_time\" content=\"2024-09-16T20:29:56+00:00\" \/>\n<meta name=\"twitter:card\" content=\"summary_large_image\" \/>\n<meta name=\"twitter:label1\" content=\"Estimated reading time\" \/>\n\t<meta name=\"twitter:data1\" content=\"2 minutes\" \/>\n<script type=\"application\/ld+json\" class=\"yoast-schema-graph\">{\"@context\":\"https:\/\/schema.org\",\"@graph\":[{\"@type\":\"WebPage\",\"@id\":\"https:\/\/digiimpactx.com\/politique-de-confidentialite\/\",\"url\":\"https:\/\/digiimpactx.com\/politique-de-confidentialite\/\",\"name\":\"Politique de Confidentialit\u00e9 - digiimpactx.com\",\"isPartOf\":{\"@id\":\"https:\/\/digiimpactx.com\/#website\"},\"datePublished\":\"2023-11-19T21:44:00+00:00\",\"dateModified\":\"2024-09-16T20:29:56+00:00\",\"description\":\"D\u00e9couvrez comment DigiImpact collecte, utilise, et prot\u00e8ge vos donn\u00e9es personnelles. La s\u00e9curit\u00e9 de vos informations est notre priorit\u00e9.\",\"breadcrumb\":{\"@id\":\"https:\/\/digiimpactx.com\/politique-de-confidentialite\/#breadcrumb\"},\"inLanguage\":\"en-GB\",\"potentialAction\":[{\"@type\":\"ReadAction\",\"target\":[\"https:\/\/digiimpactx.com\/politique-de-confidentialite\/\"]}]},{\"@type\":\"BreadcrumbList\",\"@id\":\"https:\/\/digiimpactx.com\/politique-de-confidentialite\/#breadcrumb\",\"itemListElement\":[{\"@type\":\"ListItem\",\"position\":1,\"name\":\"Home\",\"item\":\"https:\/\/digiimpactx.com\/\"},{\"@type\":\"ListItem\",\"position\":2,\"name\":\"Politique de Confidentialit\u00e9\"}]},{\"@type\":\"WebSite\",\"@id\":\"https:\/\/digiimpactx.com\/#website\",\"url\":\"https:\/\/digiimpactx.com\/\",\"name\":\"digiimpactx.com\",\"description\":\"\",\"publisher\":{\"@id\":\"https:\/\/digiimpactx.com\/#organization\"},\"potentialAction\":[{\"@type\":\"SearchAction\",\"target\":{\"@type\":\"EntryPoint\",\"urlTemplate\":\"https:\/\/digiimpactx.com\/?s={search_term_string}\"},\"query-input\":\"required name=search_term_string\"}],\"inLanguage\":\"en-GB\"},{\"@type\":\"Organization\",\"@id\":\"https:\/\/digiimpactx.com\/#organization\",\"name\":\"digiimpactx.com\",\"url\":\"https:\/\/digiimpactx.com\/\",\"logo\":{\"@type\":\"ImageObject\",\"inLanguage\":\"en-GB\",\"@id\":\"https:\/\/digiimpactx.com\/#\/schema\/logo\/image\/\",\"url\":\"https:\/\/digiimpactx.com\/wp-content\/uploads\/2023\/11\/DigiBoostX-1.png\",\"contentUrl\":\"https:\/\/digiimpactx.com\/wp-content\/uploads\/2023\/11\/DigiBoostX-1.png\",\"width\":1500,\"height\":1500,\"caption\":\"digiimpactx.com\"},\"image\":{\"@id\":\"https:\/\/digiimpactx.com\/#\/schema\/logo\/image\/\"}}]}<\/script>\n<!-- \/ Yoast SEO plugin. -->","yoast_head_json":{"title":"Politique de Confidentialit\u00e9 - digiimpactx.com","description":"D\u00e9couvrez comment DigiImpact collecte, utilise, et prot\u00e8ge vos donn\u00e9es personnelles. La s\u00e9curit\u00e9 de vos informations est notre priorit\u00e9.","robots":{"index":"index","follow":"follow","max-snippet":"max-snippet:-1","max-image-preview":"max-image-preview:large","max-video-preview":"max-video-preview:-1"},"canonical":"https:\/\/digiimpactx.com\/en\/politique-de-confidentialite\/","og_locale":"en_GB","og_type":"article","og_title":"Politique de Confidentialit\u00e9 - digiimpactx.com","og_description":"D\u00e9couvrez comment DigiImpact collecte, utilise, et prot\u00e8ge vos donn\u00e9es personnelles. La s\u00e9curit\u00e9 de vos informations est notre priorit\u00e9.","og_url":"https:\/\/digiimpactx.com\/en\/politique-de-confidentialite\/","og_site_name":"digiimpactx.com","article_modified_time":"2024-09-16T20:29:56+00:00","twitter_card":"summary_large_image","twitter_misc":{"Estimated reading time":"2 minutes"},"schema":{"@context":"https:\/\/schema.org","@graph":[{"@type":"WebPage","@id":"https:\/\/digiimpactx.com\/politique-de-confidentialite\/","url":"https:\/\/digiimpactx.com\/politique-de-confidentialite\/","name":"Politique de Confidentialit\u00e9 - digiimpactx.com","isPartOf":{"@id":"https:\/\/digiimpactx.com\/#website"},"datePublished":"2023-11-19T21:44:00+00:00","dateModified":"2024-09-16T20:29:56+00:00","description":"D\u00e9couvrez comment DigiImpact collecte, utilise, et prot\u00e8ge vos donn\u00e9es personnelles. La s\u00e9curit\u00e9 de vos informations est notre priorit\u00e9.","breadcrumb":{"@id":"https:\/\/digiimpactx.com\/politique-de-confidentialite\/#breadcrumb"},"inLanguage":"en-GB","potentialAction":[{"@type":"ReadAction","target":["https:\/\/digiimpactx.com\/politique-de-confidentialite\/"]}]},{"@type":"BreadcrumbList","@id":"https:\/\/digiimpactx.com\/politique-de-confidentialite\/#breadcrumb","itemListElement":[{"@type":"ListItem","position":1,"name":"Home","item":"https:\/\/digiimpactx.com\/"},{"@type":"ListItem","position":2,"name":"Politique de Confidentialit\u00e9"}]},{"@type":"WebSite","@id":"https:\/\/digiimpactx.com\/#website","url":"https:\/\/digiimpactx.com\/","name":"digiimpactx.com","description":"","publisher":{"@id":"https:\/\/digiimpactx.com\/#organization"},"potentialAction":[{"@type":"SearchAction","target":{"@type":"EntryPoint","urlTemplate":"https:\/\/digiimpactx.com\/?s={search_term_string}"},"query-input":"required name=search_term_string"}],"inLanguage":"en-GB"},{"@type":"Organization","@id":"https:\/\/digiimpactx.com\/#organization","name":"digiimpactx.com","url":"https:\/\/digiimpactx.com\/","logo":{"@type":"ImageObject","inLanguage":"en-GB","@id":"https:\/\/digiimpactx.com\/#\/schema\/logo\/image\/","url":"https:\/\/digiimpactx.com\/wp-content\/uploads\/2023\/11\/DigiBoostX-1.png","contentUrl":"https:\/\/digiimpactx.com\/wp-content\/uploads\/2023\/11\/DigiBoostX-1.png","width":1500,"height":1500,"caption":"digiimpactx.com"},"image":{"@id":"https:\/\/digiimpactx.com\/#\/schema\/logo\/image\/"}}]}},"_links":{"self":[{"href":"https:\/\/digiimpactx.com\/en\/wp-json\/wp\/v2\/pages\/3"}],"collection":[{"href":"https:\/\/digiimpactx.com\/en\/wp-json\/wp\/v2\/pages"}],"about":[{"href":"https:\/\/digiimpactx.com\/en\/wp-json\/wp\/v2\/types\/page"}],"author":[{"embeddable":true,"href":"https:\/\/digiimpactx.com\/en\/wp-json\/wp\/v2\/users\/1"}],"replies":[{"embeddable":true,"href":"https:\/\/digiimpactx.com\/en\/wp-json\/wp\/v2\/comments?post=3"}],"version-history":[{"count":11,"href":"https:\/\/digiimpactx.com\/en\/wp-json\/wp\/v2\/pages\/3\/revisions"}],"predecessor-version":[{"id":1674,"href":"https:\/\/digiimpactx.com\/en\/wp-json\/wp\/v2\/pages\/3\/revisions\/1674"}],"wp:attachment":[{"href":"https:\/\/digiimpactx.com\/en\/wp-json\/wp\/v2\/media?parent=3"}],"curies":[{"name":"wp","href":"https:\/\/api.w.org\/{rel}","templated":true}]}}